{"id":10,"date":"2023-10-09T22:59:53","date_gmt":"2023-10-09T20:59:53","guid":{"rendered":"https:\/\/clubbonaccueilanetz.fr\/?page_id=10"},"modified":"2026-02-06T10:57:59","modified_gmt":"2026-02-06T09:57:59","slug":"qui-sommes-nous","status":"publish","type":"page","link":"https:\/\/clubbonaccueilanetz.fr\/index.php\/qui-sommes-nous\/","title":{"rendered":"Qui sommes-nous?"},"content":{"rendered":"<div class=\"wp-block-image\">\n<figure class=\"aligncenter size-full is-resized\"><img loading=\"lazy\" decoding=\"async\" width=\"776\" height=\"337\" src=\"https:\/\/clubbonaccueilanetz.fr\/wp-content\/uploads\/2023\/10\/IMG_6534-2.jpg\" alt=\"\" class=\"wp-image-282\" style=\"aspect-ratio:2.3026706231454006;width:772px;height:auto\" srcset=\"https:\/\/clubbonaccueilanetz.fr\/wp-content\/uploads\/2023\/10\/IMG_6534-2.jpg 776w, https:\/\/clubbonaccueilanetz.fr\/wp-content\/uploads\/2023\/10\/IMG_6534-2-300x130.jpg 300w, https:\/\/clubbonaccueilanetz.fr\/wp-content\/uploads\/2023\/10\/IMG_6534-2-768x334.jpg 768w\" sizes=\"auto, (max-width: 776px) 100vw, 776px\" \/><\/figure>\n<\/div>\n\n\n<h2 class=\"wp-block-heading has-text-align-center has-large-font-size\" style=\"text-transform:uppercase\">club bon accueil\u00a0&#8211; ANETZ<\/h2>\n\n\n\n<h3 class=\"wp-block-heading has-text-align-center has-medium-font-size\" style=\"font-style:normal;font-weight:300\">&nbsp;est une association loi 1901, cr\u00e9\u00e9e en 1976&nbsp;<\/h3>\n\n\n\n<p>Nos activit\u00e9s se d\u00e9roulent \u00e0 ANETZ ( plus de&nbsp;2000 habitants), commune d\u00e9l\u00e9gu\u00e9e de VAIR-SUR-LOIRE,&nbsp;sur les bords de la Loire et en bordure de la d\u00e9partementale D723, \u00e0 mi-chemin entre Nantes et Angers, dans le pays d&rsquo;ANCENIS.<\/p>\n\n\n\n<p>Nous sommes adh\u00e9rents et partenaires de \u00ab\u00a0<strong>G\u00e9n\u00e9rations Mouvement-<\/strong>Les A\u00een\u00e9s Ruraux\u00a0\u00bb.<\/p>\n\n\n\n<p>Notre but est de promouvoir des activit\u00e9s culturelles, d&rsquo;entraide, de services et de loisirs aupr\u00e8s des populations locales sans aucune exclusion.<\/p>\n\n\n\n<p>Nos activit\u00e9s sont d\u00e9taill\u00e9es dans les diff\u00e9rentes pages de ce site.<\/p>\n\n\n\n<p>Nous utilisons la salle du<strong>&nbsp;foyer des Ormeaux,&nbsp;<\/strong><em>181 Impasse des Ormeaux, 44150 Vair-sur-Loire<\/em><strong>.&nbsp;<\/strong>Ponctuellement nous utilisons aussi d&rsquo;autres salles en fonction de nos activit\u00e9s.<\/p>\n\n\n\n<p>La cotisation annuelle 2026 est de 16,00 \u20ac par personne. Elle est fix\u00e9e \u00e0 18,00\u20ac pour 2027.<\/p>\n\n\n\n<p>Pour les personnes adh\u00e9rentes \u00e0 un club de \u00ab\u00a0G\u00e9n\u00e9rations Mouvement\u00a0\u00bb ext\u00e9rieur, il est possible de participer aux activit\u00e9s de l&rsquo;association moyennant une participation annuelle de 8,00 \u20ac. En 2027, 9\u20ac.<\/p>\n\n\n\n<p><strong>Si vous aimez le contact et vivre des moments de d\u00e9tente nous serons toujours heureux de vous accueillir parmi nous.<\/strong><\/p>\n\n\n\n<p><strong>Nos coordonn\u00e9es sont les suivantes:<\/strong><\/p>\n\n\n\n<div class=\"wp-block-media-text is-stacked-on-mobile\" style=\"grid-template-columns:26% auto\"><figure class=\"wp-block-media-text__media\"><img loading=\"lazy\" decoding=\"async\" width=\"200\" height=\"198\" src=\"https:\/\/clubbonaccueilanetz.fr\/wp-content\/uploads\/2023\/10\/BonAccueilLogo200pix.jpg\" alt=\"\" class=\"wp-image-279 size-full\" srcset=\"https:\/\/clubbonaccueilanetz.fr\/wp-content\/uploads\/2023\/10\/BonAccueilLogo200pix.jpg 200w, https:\/\/clubbonaccueilanetz.fr\/wp-content\/uploads\/2023\/10\/BonAccueilLogo200pix-150x150.jpg 150w\" sizes=\"auto, (max-width: 200px) 100vw, 200px\" \/><\/figure><div class=\"wp-block-media-text__content\">\n<div class=\"wp-block-group is-vertical is-layout-flex wp-container-core-group-is-layout-8cad6afd wp-block-group-is-layout-flex\">\n<p style=\"font-size:17px\">Adresse postale:<\/p>\n\n\n\n<p style=\"font-size:17px\">CLUB BON ACCUEIL &#8211; ANETZ<\/p>\n\n\n\n<p style=\"font-size:17px\">173 rue de l&rsquo;Ebaupin, Anetz<\/p>\n\n\n\n<p style=\"font-size:17px\">44150 VAIR SUR LOIRE<\/p>\n<\/div>\n\n\n\n<p><\/p>\n<\/div><\/div>\n\n\n\n<p><\/p>\n\n\n\n<p>Contacts :\u00a0<strong>02 40 96 09 78\u00a0<\/strong>ou\u00a0<strong>06 62 51 15 39<\/strong><\/p>\n\n\n\n<p><strong>Mail :&nbsp;<a href=\"mailto:contact@clubbonaccueilanetz.fr\">contact@clubbonaccueilanetz.fr<\/a><\/strong><\/p>\n\n\n\n<h3 class=\"wp-block-heading\"><strong><u>Le Conseil d&rsquo;Administration constitu\u00e9 le\u00a002-02-202<\/u><\/strong>6<\/h3>\n\n\n\n<figure class=\"wp-block-image size-large\"><img loading=\"lazy\" decoding=\"async\" width=\"1024\" height=\"768\" src=\"https:\/\/clubbonaccueilanetz.fr\/wp-content\/uploads\/2026\/02\/IMG_3910-1024x768.jpg\" alt=\"\" class=\"wp-image-1622\" srcset=\"https:\/\/clubbonaccueilanetz.fr\/wp-content\/uploads\/2026\/02\/IMG_3910-1024x768.jpg 1024w, https:\/\/clubbonaccueilanetz.fr\/wp-content\/uploads\/2026\/02\/IMG_3910-300x225.jpg 300w, https:\/\/clubbonaccueilanetz.fr\/wp-content\/uploads\/2026\/02\/IMG_3910-768x576.jpg 768w, https:\/\/clubbonaccueilanetz.fr\/wp-content\/uploads\/2026\/02\/IMG_3910-1536x1152.jpg 1536w, https:\/\/clubbonaccueilanetz.fr\/wp-content\/uploads\/2026\/02\/IMG_3910-2048x1536.jpg 2048w\" sizes=\"auto, (max-width: 1024px) 100vw, 1024px\" \/><\/figure>\n\n\n\n<ul class=\"wp-block-list\">\n<li><strong>Pr\u00e9sident:<\/strong>&nbsp;Patrice Quignon &#8211;&nbsp;<strong>Vice-pr\u00e9sident:<\/strong>&nbsp;Herv\u00e9 Lesourd<\/li>\n\n\n\n<li><strong>Secr\u00e9taire:<\/strong>&nbsp;Roseline Huched\u00e9 &#8211;&nbsp;<strong>Secr\u00e9taire adjoint:<\/strong>&nbsp;Jacques Giel<\/li>\n\n\n\n<li><strong>Tr\u00e9sori\u00e8re:<\/strong>&nbsp;Annick Perrinel &#8211;<strong>Tr\u00e9sori\u00e8re adjointe:<\/strong>&nbsp;Claudine Choquet<\/li>\n\n\n\n<li><strong>Membres:<\/strong>&nbsp;Pascal Chapeau, Monique Daudin, Michelle Guillot, Marie-Andr\u00e9e Prodhomme, Jo\u00ebl Rousseau.<\/li>\n<\/ul>\n\n\n\n<p><\/p>\n","protected":false},"excerpt":{"rendered":"<p>club bon accueil\u00a0&#8211; ANETZ &nbsp;est une association loi 1901, cr\u00e9\u00e9e en 1976&nbsp; Nos activit\u00e9s se d\u00e9roulent \u00e0 ANETZ ( plus de&nbsp;2000 habitants), commune d\u00e9l\u00e9gu\u00e9e de VAIR-SUR-LOIRE,&nbsp;sur les bords de la&hellip; <\/p>\n","protected":false},"author":1,"featured_media":0,"parent":0,"menu_order":0,"comment_status":"closed","ping_status":"closed","template":"","meta":{"footnotes":""},"class_list":["post-10","page","type-page","status-publish","hentry"],"_links":{"self":[{"href":"https:\/\/clubbonaccueilanetz.fr\/index.php\/wp-json\/wp\/v2\/pages\/10","targetHints":{"allow":["GET"]}}],"collection":[{"href":"https:\/\/clubbonaccueilanetz.fr\/index.php\/wp-json\/wp\/v2\/pages"}],"about":[{"href":"https:\/\/clubbonaccueilanetz.fr\/index.php\/wp-json\/wp\/v2\/types\/page"}],"author":[{"embeddable":true,"href":"https:\/\/clubbonaccueilanetz.fr\/index.php\/wp-json\/wp\/v2\/users\/1"}],"replies":[{"embeddable":true,"href":"https:\/\/clubbonaccueilanetz.fr\/index.php\/wp-json\/wp\/v2\/comments?post=10"}],"version-history":[{"count":24,"href":"https:\/\/clubbonaccueilanetz.fr\/index.php\/wp-json\/wp\/v2\/pages\/10\/revisions"}],"predecessor-version":[{"id":1623,"href":"https:\/\/clubbonaccueilanetz.fr\/index.php\/wp-json\/wp\/v2\/pages\/10\/revisions\/1623"}],"wp:attachment":[{"href":"https:\/\/clubbonaccueilanetz.fr\/index.php\/wp-json\/wp\/v2\/media?parent=10"}],"curies":[{"name":"wp","href":"https:\/\/api.w.org\/{rel}","templated":true}]}}