{"id":104,"date":"2023-10-09T22:51:42","date_gmt":"2023-10-09T20:51:42","guid":{"rendered":"https:\/\/clubbonaccueilanetz.fr\/?page_id=104"},"modified":"2026-03-30T15:56:41","modified_gmt":"2026-03-30T13:56:41","slug":"velo","status":"publish","type":"page","link":"https:\/\/clubbonaccueilanetz.fr\/index.php\/velo\/","title":{"rendered":"V\u00e9lo"},"content":{"rendered":"\n<hr class=\"wp-block-separator has-alpha-channel-opacity\"\/>\n\n\n\n<h2 class=\"wp-block-heading has-text-align-center\" style=\"font-size:28px\">Saison 2026 &#8211; 2027<\/h2>\n\n\n\n<p class=\"has-text-align-center\">La <strong>reprise des sorties est pr\u00e9vue le jeudi 7 mai 2026, 14h00,<\/strong> d\u00e9part Place de l&rsquo;Europe \u00e0 Anetz (face \u00e0 la boulangerie)<\/p>\n\n\n\n<hr class=\"wp-block-separator has-alpha-channel-opacity\"\/>\n\n\n\n<figure class=\"wp-block-gallery has-nested-images columns-default is-cropped wp-block-gallery-1 is-layout-flex wp-block-gallery-is-layout-flex\">\n<figure class=\"wp-block-image size-large\"><img loading=\"lazy\" decoding=\"async\" width=\"1024\" height=\"400\" data-id=\"105\" src=\"https:\/\/clubbonaccueilanetz.fr\/wp-content\/uploads\/2023\/10\/195ab5b621857b855c47c59d573b5c7f-1024x400.jpg\" alt=\"\" class=\"wp-image-105\" srcset=\"https:\/\/clubbonaccueilanetz.fr\/wp-content\/uploads\/2023\/10\/195ab5b621857b855c47c59d573b5c7f-1024x400.jpg 1024w, https:\/\/clubbonaccueilanetz.fr\/wp-content\/uploads\/2023\/10\/195ab5b621857b855c47c59d573b5c7f-300x117.jpg 300w, https:\/\/clubbonaccueilanetz.fr\/wp-content\/uploads\/2023\/10\/195ab5b621857b855c47c59d573b5c7f-768x300.jpg 768w, https:\/\/clubbonaccueilanetz.fr\/wp-content\/uploads\/2023\/10\/195ab5b621857b855c47c59d573b5c7f-1536x599.jpg 1536w, https:\/\/clubbonaccueilanetz.fr\/wp-content\/uploads\/2023\/10\/195ab5b621857b855c47c59d573b5c7f.jpg 1684w\" sizes=\"auto, (max-width: 1024px) 100vw, 1024px\" \/><\/figure>\n<\/figure>\n\n\n<h3 style=\"text-align: center;\">En saison, l&rsquo;activit\u00e9 V\u00e9lo a lieu le jeudi apr\u00e8s-midi.<\/h3>\n<p style=\"text-align: center;\">Ouverte \u00e0 tous, v\u00e9lo avec ou sans assistance \u00e9lectrique,<\/p>\n<p style=\"text-align: center;\"><strong>d\u00e9part \u00e0 14h00, place de l&rsquo;Europe, devant la boulangerie \u00e0 Anetz<\/strong> pour une randonn\u00e9e d&rsquo;environ 25 \u00e0 30 km.<\/p>\n<p style=\"text-align: center;\">Casque et gilet jaune fortement conseill\u00e9s.<\/p>\n<p>&nbsp;<\/p>\n\n\n<hr class=\"wp-block-separator has-alpha-channel-opacity\"\/>\n\n\n\n<div class=\"wp-block-media-text has-media-on-the-right is-stacked-on-mobile\" style=\"grid-template-columns:auto 45%\"><div class=\"wp-block-media-text__content\">\n<p><strong>Le mercredi 23 avril 2025<\/strong>, premi\u00e8re sortie de la saison<strong>.<\/strong><\/p>\n\n\n\n<p>Sur les voies de \u00ab\u00a0La Loire \u00e0 v\u00e9lo\u00a0\u00bb et avec le vent dans le dos jusqu&rsquo;au bout de l&rsquo;\u00eele Batailleuse, facile &#8230; mais au retour, par les chemins et les petites routes de la vall\u00e9e, vent de cot\u00e9 ou de face &#8230; moins facile !<\/p>\n\n\n\n<p>Un petit go\u00fbter aux Cosniers et quelques coups de p\u00e9dales pour Anetz. A peine 30km, super !<\/p>\n\n\n\n<p class=\"has-text-align-center\">La saison est lanc\u00e9e.<\/p>\n<\/div><figure class=\"wp-block-media-text__media\"><img loading=\"lazy\" decoding=\"async\" width=\"1024\" height=\"768\" src=\"https:\/\/clubbonaccueilanetz.fr\/wp-content\/uploads\/2025\/04\/IMG_E1568-1024x768.jpg\" alt=\"\" class=\"wp-image-1305 size-full\" srcset=\"https:\/\/clubbonaccueilanetz.fr\/wp-content\/uploads\/2025\/04\/IMG_E1568-1024x768.jpg 1024w, https:\/\/clubbonaccueilanetz.fr\/wp-content\/uploads\/2025\/04\/IMG_E1568-300x225.jpg 300w, https:\/\/clubbonaccueilanetz.fr\/wp-content\/uploads\/2025\/04\/IMG_E1568-768x576.jpg 768w, https:\/\/clubbonaccueilanetz.fr\/wp-content\/uploads\/2025\/04\/IMG_E1568-1536x1152.jpg 1536w, https:\/\/clubbonaccueilanetz.fr\/wp-content\/uploads\/2025\/04\/IMG_E1568-2048x1536.jpg 2048w\" sizes=\"auto, (max-width: 1024px) 100vw, 1024px\" \/><\/figure><\/div>\n\n\n\n<p class=\"has-text-align-center\"><\/p>\n\n\n\n<hr class=\"wp-block-separator has-alpha-channel-opacity\"\/>\n","protected":false},"excerpt":{"rendered":"<p>Saison 2026 &#8211; 2027 La reprise des sorties est pr\u00e9vue le jeudi 7 mai 2026, 14h00, d\u00e9part Place de l&rsquo;Europe \u00e0 Anetz (face \u00e0 la boulangerie) En saison, l&rsquo;activit\u00e9 V\u00e9lo&hellip; <\/p>\n","protected":false},"author":1,"featured_media":0,"parent":0,"menu_order":120,"comment_status":"closed","ping_status":"closed","template":"","meta":{"footnotes":""},"class_list":["post-104","page","type-page","status-publish","hentry"],"_links":{"self":[{"href":"https:\/\/clubbonaccueilanetz.fr\/index.php\/wp-json\/wp\/v2\/pages\/104","targetHints":{"allow":["GET"]}}],"collection":[{"href":"https:\/\/clubbonaccueilanetz.fr\/index.php\/wp-json\/wp\/v2\/pages"}],"about":[{"href":"https:\/\/clubbonaccueilanetz.fr\/index.php\/wp-json\/wp\/v2\/types\/page"}],"author":[{"embeddable":true,"href":"https:\/\/clubbonaccueilanetz.fr\/index.php\/wp-json\/wp\/v2\/users\/1"}],"replies":[{"embeddable":true,"href":"https:\/\/clubbonaccueilanetz.fr\/index.php\/wp-json\/wp\/v2\/comments?post=104"}],"version-history":[{"count":18,"href":"https:\/\/clubbonaccueilanetz.fr\/index.php\/wp-json\/wp\/v2\/pages\/104\/revisions"}],"predecessor-version":[{"id":1641,"href":"https:\/\/clubbonaccueilanetz.fr\/index.php\/wp-json\/wp\/v2\/pages\/104\/revisions\/1641"}],"wp:attachment":[{"href":"https:\/\/clubbonaccueilanetz.fr\/index.php\/wp-json\/wp\/v2\/media?parent=104"}],"curies":[{"name":"wp","href":"https:\/\/api.w.org\/{rel}","templated":true}]}}