{"id":1220,"date":"2025-01-06T18:31:44","date_gmt":"2025-01-06T17:31:44","guid":{"rendered":"https:\/\/clubbonaccueilanetz.fr\/?page_id=1220"},"modified":"2025-12-01T14:38:45","modified_gmt":"2025-12-01T13:38:45","slug":"notez-sur-vos-agendas-les-rendez-vous-du-club-pour-lannee-2026","status":"publish","type":"page","link":"https:\/\/clubbonaccueilanetz.fr\/index.php\/notez-sur-vos-agendas-les-rendez-vous-du-club-pour-lannee-2026\/","title":{"rendered":"Notez sur vos agendas les rendez-vous du club pour l&rsquo;ann\u00e9e 2026:"},"content":{"rendered":"\n<p>17 f\u00e9vrier 2026 : Assembl\u00e9e g\u00e9n\u00e9rale \u00e0 Saint-Herblon<\/p>\n\n\n\n<p>28 mars 2026 : Concours de belote,<\/p>\n\n\n\n<p><\/p>\n\n\n\n<p><\/p>\n\n\n\n<p><\/p>\n\n\n\n<p>6 juillet 2026 : Pique-nique,<\/p>\n\n\n\n<p>15 septembre 2026 : Repas de la rentr\u00e9e,<\/p>\n\n\n\n<p>9 octobre 2026 : Marche interclubs,<\/p>\n\n\n\n<p>13 octobre 2026 : Journ\u00e9e anniversaire 50 ans du Club<\/p>\n\n\n\n<p>17 octobre 2026: Concours de belote,<\/p>\n\n\n\n<p>15 d\u00e9cembre 2026 : Repas de No\u00ebl.<\/p>\n\n\n\n<p><\/p>\n","protected":false},"excerpt":{"rendered":"<p>17 f\u00e9vrier 2026 : Assembl\u00e9e g\u00e9n\u00e9rale \u00e0 Saint-Herblon 28 mars 2026 : Concours de belote, 6 juillet 2026 : Pique-nique, 15 septembre 2026 : Repas de la rentr\u00e9e, 9 octobre&hellip; <\/p>\n","protected":false},"author":1,"featured_media":0,"parent":0,"menu_order":0,"comment_status":"closed","ping_status":"closed","template":"","meta":{"footnotes":""},"class_list":["post-1220","page","type-page","status-publish","hentry"],"_links":{"self":[{"href":"https:\/\/clubbonaccueilanetz.fr\/index.php\/wp-json\/wp\/v2\/pages\/1220","targetHints":{"allow":["GET"]}}],"collection":[{"href":"https:\/\/clubbonaccueilanetz.fr\/index.php\/wp-json\/wp\/v2\/pages"}],"about":[{"href":"https:\/\/clubbonaccueilanetz.fr\/index.php\/wp-json\/wp\/v2\/types\/page"}],"author":[{"embeddable":true,"href":"https:\/\/clubbonaccueilanetz.fr\/index.php\/wp-json\/wp\/v2\/users\/1"}],"replies":[{"embeddable":true,"href":"https:\/\/clubbonaccueilanetz.fr\/index.php\/wp-json\/wp\/v2\/comments?post=1220"}],"version-history":[{"count":4,"href":"https:\/\/clubbonaccueilanetz.fr\/index.php\/wp-json\/wp\/v2\/pages\/1220\/revisions"}],"predecessor-version":[{"id":1578,"href":"https:\/\/clubbonaccueilanetz.fr\/index.php\/wp-json\/wp\/v2\/pages\/1220\/revisions\/1578"}],"wp:attachment":[{"href":"https:\/\/clubbonaccueilanetz.fr\/index.php\/wp-json\/wp\/v2\/media?parent=1220"}],"curies":[{"name":"wp","href":"https:\/\/api.w.org\/{rel}","templated":true}]}}