{"id":139,"date":"2023-10-09T18:47:42","date_gmt":"2023-10-09T16:47:42","guid":{"rendered":"https:\/\/clubbonaccueilanetz.fr\/?page_id=139"},"modified":"2025-12-16T08:53:54","modified_gmt":"2025-12-16T07:53:54","slug":"jeux-de-societe","status":"publish","type":"page","link":"https:\/\/clubbonaccueilanetz.fr\/index.php\/jeux-de-societe\/","title":{"rendered":"Jeux de soci\u00e9t\u00e9"},"content":{"rendered":"\n<hr class=\"wp-block-separator has-alpha-channel-opacity\"\/>\n\n\n\n<h2 class=\"wp-block-heading has-text-align-center\">Saison 2025-2026<\/h2>\n\n\n\n<hr class=\"wp-block-separator has-alpha-channel-opacity\"\/>\n\n\n<h3 style=\"text-align: center;\"><strong>Le mardi de 14h00 \u00e0 18h00 dans la salle de l&rsquo;Ecluse (L&rsquo;Ancre, Anetz).<\/strong><\/h3>\n<p style=\"text-align: center;\">Nous jouons au\u00a0<strong>Train mexicain,<\/strong>\u00a0au\u00a0<strong>Rummikub,\u00a0<\/strong>au<strong>\u00a0Uno,\u00a0<\/strong>au\u00a0<strong>6 qui prend,<\/strong>\u00a0&#8230;<\/p>\n<p style=\"text-align: center;\">Rejoignez-nous.<\/p>\n<p style=\"text-align: center;\">Pour plus d&rsquo;informations et inscription gratuite pour les adh\u00e9rents, Annick au 0671983208<\/p>\n\n\n<figure class=\"wp-block-gallery has-nested-images columns-default is-cropped wp-block-gallery-1 is-layout-flex wp-block-gallery-is-layout-flex\">\n<figure class=\"wp-block-image size-large\"><img loading=\"lazy\" decoding=\"async\" width=\"591\" height=\"443\" data-id=\"141\" src=\"https:\/\/clubbonaccueilanetz.fr\/wp-content\/uploads\/2023\/10\/451f4fa6d2067fdc7d07b8975d19a249.jpg\" alt=\"\" class=\"wp-image-141\" srcset=\"https:\/\/clubbonaccueilanetz.fr\/wp-content\/uploads\/2023\/10\/451f4fa6d2067fdc7d07b8975d19a249.jpg 591w, https:\/\/clubbonaccueilanetz.fr\/wp-content\/uploads\/2023\/10\/451f4fa6d2067fdc7d07b8975d19a249-300x225.jpg 300w\" sizes=\"auto, (max-width: 591px) 100vw, 591px\" \/><\/figure>\n\n\n\n<figure class=\"wp-block-image size-large\"><img loading=\"lazy\" decoding=\"async\" width=\"591\" height=\"443\" data-id=\"140\" src=\"https:\/\/clubbonaccueilanetz.fr\/wp-content\/uploads\/2023\/10\/44e7677881dcd02c564282173f1d588a.jpg\" alt=\"\" class=\"wp-image-140\" srcset=\"https:\/\/clubbonaccueilanetz.fr\/wp-content\/uploads\/2023\/10\/44e7677881dcd02c564282173f1d588a.jpg 591w, https:\/\/clubbonaccueilanetz.fr\/wp-content\/uploads\/2023\/10\/44e7677881dcd02c564282173f1d588a-300x225.jpg 300w\" sizes=\"auto, (max-width: 591px) 100vw, 591px\" \/><\/figure>\n\n\n\n<figure class=\"wp-block-image size-large\"><img loading=\"lazy\" decoding=\"async\" width=\"1024\" height=\"576\" data-id=\"142\" src=\"https:\/\/clubbonaccueilanetz.fr\/wp-content\/uploads\/2023\/10\/ac83158dbaab734a61665a39b070bafd-1024x576.jpg\" alt=\"\" class=\"wp-image-142\" srcset=\"https:\/\/clubbonaccueilanetz.fr\/wp-content\/uploads\/2023\/10\/ac83158dbaab734a61665a39b070bafd-1024x576.jpg 1024w, https:\/\/clubbonaccueilanetz.fr\/wp-content\/uploads\/2023\/10\/ac83158dbaab734a61665a39b070bafd-300x169.jpg 300w, https:\/\/clubbonaccueilanetz.fr\/wp-content\/uploads\/2023\/10\/ac83158dbaab734a61665a39b070bafd-768x432.jpg 768w, https:\/\/clubbonaccueilanetz.fr\/wp-content\/uploads\/2023\/10\/ac83158dbaab734a61665a39b070bafd-1536x864.jpg 1536w, https:\/\/clubbonaccueilanetz.fr\/wp-content\/uploads\/2023\/10\/ac83158dbaab734a61665a39b070bafd.jpg 1899w\" sizes=\"auto, (max-width: 1024px) 100vw, 1024px\" \/><\/figure>\n<\/figure>\n\n\n\n<hr class=\"wp-block-separator has-alpha-channel-opacity\"\/>\n\n\n\n<p class=\"has-text-align-center has-medium-font-size\"><strong>Pour voir les \u00e9v\u00e8nements pass\u00e9s de cette activit\u00e9 cliquez <a href=\"https:\/\/clubbonaccueilanetz.fr\/index.php\/au-fil-des-annees\/les-evenements-du-groupe-jeux-de-societe\/\" data-type=\"page\" data-id=\"985\">ICI<\/a><\/strong><\/p>\n\n\n\n<hr class=\"wp-block-separator has-alpha-channel-opacity\"\/>\n","protected":false},"excerpt":{"rendered":"<p>Saison 2025-2026 Le mardi de 14h00 \u00e0 18h00 dans la salle de l&rsquo;Ecluse (L&rsquo;Ancre, Anetz). Nous jouons au\u00a0Train mexicain,\u00a0au\u00a0Rummikub,\u00a0au\u00a0Uno,\u00a0au\u00a06 qui prend,\u00a0&#8230; Rejoignez-nous. Pour plus d&rsquo;informations et inscription gratuite pour les&hellip; <\/p>\n","protected":false},"author":1,"featured_media":0,"parent":0,"menu_order":70,"comment_status":"closed","ping_status":"closed","template":"","meta":{"footnotes":""},"class_list":["post-139","page","type-page","status-publish","hentry"],"_links":{"self":[{"href":"https:\/\/clubbonaccueilanetz.fr\/index.php\/wp-json\/wp\/v2\/pages\/139","targetHints":{"allow":["GET"]}}],"collection":[{"href":"https:\/\/clubbonaccueilanetz.fr\/index.php\/wp-json\/wp\/v2\/pages"}],"about":[{"href":"https:\/\/clubbonaccueilanetz.fr\/index.php\/wp-json\/wp\/v2\/types\/page"}],"author":[{"embeddable":true,"href":"https:\/\/clubbonaccueilanetz.fr\/index.php\/wp-json\/wp\/v2\/users\/1"}],"replies":[{"embeddable":true,"href":"https:\/\/clubbonaccueilanetz.fr\/index.php\/wp-json\/wp\/v2\/comments?post=139"}],"version-history":[{"count":12,"href":"https:\/\/clubbonaccueilanetz.fr\/index.php\/wp-json\/wp\/v2\/pages\/139\/revisions"}],"predecessor-version":[{"id":1584,"href":"https:\/\/clubbonaccueilanetz.fr\/index.php\/wp-json\/wp\/v2\/pages\/139\/revisions\/1584"}],"wp:attachment":[{"href":"https:\/\/clubbonaccueilanetz.fr\/index.php\/wp-json\/wp\/v2\/media?parent=139"}],"curies":[{"name":"wp","href":"https:\/\/api.w.org\/{rel}","templated":true}]}}