{"id":375,"date":"2023-10-16T21:40:47","date_gmt":"2023-10-16T19:40:47","guid":{"rendered":"https:\/\/clubbonaccueilanetz.fr\/?page_id=375"},"modified":"2023-10-16T22:14:08","modified_gmt":"2023-10-16T20:14:08","slug":"liens-utiles","status":"publish","type":"page","link":"https:\/\/clubbonaccueilanetz.fr\/index.php\/qui-sommes-nous\/liens-utiles\/","title":{"rendered":"Liens utiles"},"content":{"rendered":"\n<p><a href=\"https:\/\/vairsurloire.fr\/\">Mairie de Vair-sur-Loire<\/a>,<\/p>\n\n\n\n<p><a href=\"https:\/\/www.generations-mouvement.org\/les-federations-departementales\/pays-de-loire\/\">G\u00e9n\u00e9rations Mouvement 44<\/a>,<\/p>\n\n\n\n<p><a href=\"https:\/\/www.ouest-france.fr\/pays-de-la-loire\/ancenis-saint-gereon-44150\/\">Infos locales Ancenis<\/a>,<\/p>\n\n\n\n<p>Intra-Muros: \u00e0 t\u00e9l\u00e9charger sur smartphone Andro\u00efd ou iOs: .<\/p>\n","protected":false},"excerpt":{"rendered":"<p>Mairie de Vair-sur-Loire, G\u00e9n\u00e9rations Mouvement 44, Infos locales Ancenis, Intra-Muros: \u00e0 t\u00e9l\u00e9charger sur smartphone Andro\u00efd ou iOs: .<\/p>\n","protected":false},"author":1,"featured_media":0,"parent":10,"menu_order":0,"comment_status":"closed","ping_status":"closed","template":"","meta":{"footnotes":""},"class_list":["post-375","page","type-page","status-publish","hentry"],"_links":{"self":[{"href":"https:\/\/clubbonaccueilanetz.fr\/index.php\/wp-json\/wp\/v2\/pages\/375","targetHints":{"allow":["GET"]}}],"collection":[{"href":"https:\/\/clubbonaccueilanetz.fr\/index.php\/wp-json\/wp\/v2\/pages"}],"about":[{"href":"https:\/\/clubbonaccueilanetz.fr\/index.php\/wp-json\/wp\/v2\/types\/page"}],"author":[{"embeddable":true,"href":"https:\/\/clubbonaccueilanetz.fr\/index.php\/wp-json\/wp\/v2\/users\/1"}],"replies":[{"embeddable":true,"href":"https:\/\/clubbonaccueilanetz.fr\/index.php\/wp-json\/wp\/v2\/comments?post=375"}],"version-history":[{"count":1,"href":"https:\/\/clubbonaccueilanetz.fr\/index.php\/wp-json\/wp\/v2\/pages\/375\/revisions"}],"predecessor-version":[{"id":376,"href":"https:\/\/clubbonaccueilanetz.fr\/index.php\/wp-json\/wp\/v2\/pages\/375\/revisions\/376"}],"up":[{"embeddable":true,"href":"https:\/\/clubbonaccueilanetz.fr\/index.php\/wp-json\/wp\/v2\/pages\/10"}],"wp:attachment":[{"href":"https:\/\/clubbonaccueilanetz.fr\/index.php\/wp-json\/wp\/v2\/media?parent=375"}],"curies":[{"name":"wp","href":"https:\/\/api.w.org\/{rel}","templated":true}]}}