{"id":633,"date":"2023-11-08T18:05:53","date_gmt":"2023-11-08T17:05:53","guid":{"rendered":"https:\/\/clubbonaccueilanetz.fr\/?page_id=633"},"modified":"2024-12-29T14:54:07","modified_gmt":"2024-12-29T13:54:07","slug":"les-cours-dinformatique-au-fil-des-annees","status":"publish","type":"page","link":"https:\/\/clubbonaccueilanetz.fr\/index.php\/au-fil-des-annees\/les-cours-dinformatique-au-fil-des-annees\/","title":{"rendered":"Les cours d&rsquo;informatique au fil des ann\u00e9es&#8230;"},"content":{"rendered":"\n<hr class=\"wp-block-separator has-alpha-channel-opacity\"\/>\n\n\n\n<h2 class=\"wp-block-heading has-text-align-center\" style=\"font-size:25px\">Faute de suffisamment de participants,<strong> les sessions de formation ont cess\u00e9 fin d&rsquo;ann\u00e9e 2024.<\/strong><\/h2>\n\n\n\n<div class=\"wp-block-media-text is-stacked-on-mobile\" style=\"grid-template-columns:39% auto\"><figure class=\"wp-block-media-text__media\"><img loading=\"lazy\" decoding=\"async\" width=\"601\" height=\"310\" src=\"https:\/\/clubbonaccueilanetz.fr\/wp-content\/uploads\/2023\/10\/LogoInformBA2.jpg\" alt=\"\" class=\"wp-image-81 size-full\" srcset=\"https:\/\/clubbonaccueilanetz.fr\/wp-content\/uploads\/2023\/10\/LogoInformBA2.jpg 601w, https:\/\/clubbonaccueilanetz.fr\/wp-content\/uploads\/2023\/10\/LogoInformBA2-300x155.jpg 300w\" sizes=\"auto, (max-width: 601px) 100vw, 601px\" \/><\/figure><div class=\"wp-block-media-text__content\">\n<p class=\"has-medium-font-size\"><\/p>\n\n\n\n<p class=\"has-medium-font-size\"><strong>Depuis plus de 15 ann\u00e9es<\/strong>, sur l&rsquo;initiative de Bernard Prodhomme, une \u00e9quipe de b\u00e9n\u00e9voles a assur\u00e9e l&rsquo;animation des sessions de formation informatique sur ordinateur aux retrait\u00e9s, jeunes et moins jeunes.<\/p>\n\n\n\n<p class=\"has-medium-font-size\">Aujourd&rsquo;hui, les applications sur smartphone supplantent celles des PC et leur \u00ab\u00a0intuitivit\u00e9\u00a0\u00bb permet \u00e0 chacun d&rsquo;y acc\u00e9der sans formation &#8230; ou presque !<\/p>\n\n\n\n<p style=\"font-size:23px\"><\/p>\n<\/div><\/div>\n\n\n\n<p>Bernard et tous les b\u00e9n\u00e9voles sont heureux d&rsquo;avoir particip\u00e9s \u00e0 cette longue aventure et d&rsquo;avoir permis aux stagiaires d&rsquo;entrer dans ce monde num\u00e9rique qui n&rsquo;a pas fini d&rsquo;\u00e9voluer, de nous rendre service et &#8230; de nous surprendre !<\/p>\n\n\n\n<hr class=\"wp-block-separator has-alpha-channel-opacity\"\/>\n\n\n\n<h2 class=\"wp-block-heading has-text-align-center\">2024<\/h2>\n\n\n\n<div class=\"wp-block-media-text is-stacked-on-mobile\"><figure class=\"wp-block-media-text__media\"><img loading=\"lazy\" decoding=\"async\" width=\"601\" height=\"310\" src=\"https:\/\/clubbonaccueilanetz.fr\/wp-content\/uploads\/2023\/10\/LogoInformBA2.jpg\" alt=\"\" class=\"wp-image-81 size-full\" srcset=\"https:\/\/clubbonaccueilanetz.fr\/wp-content\/uploads\/2023\/10\/LogoInformBA2.jpg 601w, https:\/\/clubbonaccueilanetz.fr\/wp-content\/uploads\/2023\/10\/LogoInformBA2-300x155.jpg 300w\" sizes=\"auto, (max-width: 601px) 100vw, 601px\" \/><\/figure><div class=\"wp-block-media-text__content\">\n<p><strong>15 ans, d\u00e9j\u00e0 15 ans!<\/strong> En 2009, le Club proposa, sous l&rsquo;impulsion de Bernard accompagn\u00e9 de Jean-Claude,  des cours pour les \u00ab\u00a0naufrag\u00e9s de l&rsquo;informatique\u00a0\u00bb. Mais, pas des cours magistraux, non. Des s\u00e9ances o\u00f9 l&rsquo;on explique avec des exemples, o\u00f9 chacun s&rsquo;exerce, o\u00f9 les animateurs accompagnent et se penchent sur les blocages de chacun. Avec une petite pause \u00ab\u00a0caf\u00e9-g\u00e2teaux\u00a0\u00bb durant laquelle on \u00e9change sur l&rsquo;informatique ou d&rsquo;autres sujets. Et cela dure depuis des ann\u00e9es.<\/p>\n<\/div><\/div>\n\n\n\n<p class=\"has-text-align-center\">Un livre informatique r\u00e9alis\u00e9 par l&rsquo;un des animateurs est \u00e9galement propos\u00e9.<\/p>\n\n\n\n<p class=\"has-text-align-left\">A ce jour les choses ont bien \u00e9volu\u00e9, pas moins de 5 animateurs, avec un \u00e9quipement complet, 7 ordinateurs et un vid\u00e9oprojecteur. L&rsquo;\u00e9quipe aborde maintenant tous les sujets d&rsquo;actualit\u00e9 informatique et propose un tutoriel&nbsp;pour chaque th\u00e8me de formation.<\/p>\n\n\n\n<hr class=\"wp-block-separator has-alpha-channel-opacity\"\/>\n\n\n\n<h2 class=\"wp-block-heading has-text-align-center\">2023<\/h2>\n\n\n\n<figure class=\"wp-block-gallery has-nested-images columns-default is-cropped wp-block-gallery-1 is-layout-flex wp-block-gallery-is-layout-flex\">\n<figure class=\"wp-block-image size-large\"><img loading=\"lazy\" decoding=\"async\" width=\"1024\" height=\"576\" data-id=\"886\" src=\"https:\/\/clubbonaccueilanetz.fr\/wp-content\/uploads\/2024\/01\/2024-1-1024x576.jpg\" alt=\"\" class=\"wp-image-886\" srcset=\"https:\/\/clubbonaccueilanetz.fr\/wp-content\/uploads\/2024\/01\/2024-1-1024x576.jpg 1024w, https:\/\/clubbonaccueilanetz.fr\/wp-content\/uploads\/2024\/01\/2024-1-300x169.jpg 300w, https:\/\/clubbonaccueilanetz.fr\/wp-content\/uploads\/2024\/01\/2024-1-768x432.jpg 768w, https:\/\/clubbonaccueilanetz.fr\/wp-content\/uploads\/2024\/01\/2024-1-1536x864.jpg 1536w, https:\/\/clubbonaccueilanetz.fr\/wp-content\/uploads\/2024\/01\/2024-1-2048x1152.jpg 2048w\" sizes=\"auto, (max-width: 1024px) 100vw, 1024px\" \/><\/figure>\n\n\n\n<figure class=\"wp-block-image size-large\"><img loading=\"lazy\" decoding=\"async\" width=\"1024\" height=\"576\" data-id=\"887\" src=\"https:\/\/clubbonaccueilanetz.fr\/wp-content\/uploads\/2024\/01\/2023-4-1024x576.jpg\" alt=\"\" class=\"wp-image-887\" srcset=\"https:\/\/clubbonaccueilanetz.fr\/wp-content\/uploads\/2024\/01\/2023-4-1024x576.jpg 1024w, https:\/\/clubbonaccueilanetz.fr\/wp-content\/uploads\/2024\/01\/2023-4-300x169.jpg 300w, https:\/\/clubbonaccueilanetz.fr\/wp-content\/uploads\/2024\/01\/2023-4-768x432.jpg 768w, https:\/\/clubbonaccueilanetz.fr\/wp-content\/uploads\/2024\/01\/2023-4-1536x864.jpg 1536w, https:\/\/clubbonaccueilanetz.fr\/wp-content\/uploads\/2024\/01\/2023-4-2048x1152.jpg 2048w\" sizes=\"auto, (max-width: 1024px) 100vw, 1024px\" \/><\/figure>\n<\/figure>\n\n\n\n<figure class=\"wp-block-gallery has-nested-images columns-default is-cropped wp-block-gallery-2 is-layout-flex wp-block-gallery-is-layout-flex\">\n<figure class=\"wp-block-image size-large\"><img loading=\"lazy\" decoding=\"async\" width=\"1024\" height=\"576\" data-id=\"884\" src=\"https:\/\/clubbonaccueilanetz.fr\/wp-content\/uploads\/2024\/01\/2023-3-1024x576.jpg\" alt=\"\" class=\"wp-image-884\" srcset=\"https:\/\/clubbonaccueilanetz.fr\/wp-content\/uploads\/2024\/01\/2023-3-1024x576.jpg 1024w, https:\/\/clubbonaccueilanetz.fr\/wp-content\/uploads\/2024\/01\/2023-3-300x169.jpg 300w, https:\/\/clubbonaccueilanetz.fr\/wp-content\/uploads\/2024\/01\/2023-3-768x432.jpg 768w, https:\/\/clubbonaccueilanetz.fr\/wp-content\/uploads\/2024\/01\/2023-3-1536x864.jpg 1536w, https:\/\/clubbonaccueilanetz.fr\/wp-content\/uploads\/2024\/01\/2023-3-2048x1152.jpg 2048w\" sizes=\"auto, (max-width: 1024px) 100vw, 1024px\" \/><\/figure>\n\n\n\n<figure class=\"wp-block-image size-large\"><img loading=\"lazy\" decoding=\"async\" width=\"1024\" height=\"576\" data-id=\"885\" src=\"https:\/\/clubbonaccueilanetz.fr\/wp-content\/uploads\/2024\/01\/2023-2-1024x576.jpg\" alt=\"\" class=\"wp-image-885\" srcset=\"https:\/\/clubbonaccueilanetz.fr\/wp-content\/uploads\/2024\/01\/2023-2-1024x576.jpg 1024w, https:\/\/clubbonaccueilanetz.fr\/wp-content\/uploads\/2024\/01\/2023-2-300x169.jpg 300w, https:\/\/clubbonaccueilanetz.fr\/wp-content\/uploads\/2024\/01\/2023-2-768x432.jpg 768w, https:\/\/clubbonaccueilanetz.fr\/wp-content\/uploads\/2024\/01\/2023-2-1536x864.jpg 1536w, https:\/\/clubbonaccueilanetz.fr\/wp-content\/uploads\/2024\/01\/2023-2-2048x1152.jpg 2048w\" sizes=\"auto, (max-width: 1024px) 100vw, 1024px\" \/><\/figure>\n<\/figure>\n\n\n\n<hr class=\"wp-block-separator has-alpha-channel-opacity\"\/>\n\n\n\n<h2 class=\"wp-block-heading has-text-align-center\">2019<\/h2>\n\n\n\n<figure class=\"wp-block-image size-large\"><img loading=\"lazy\" decoding=\"async\" width=\"1024\" height=\"576\" src=\"https:\/\/clubbonaccueilanetz.fr\/wp-content\/uploads\/2023\/11\/2019-Equipe-des-animateurs-1024x576.jpg\" alt=\"\" class=\"wp-image-642\" srcset=\"https:\/\/clubbonaccueilanetz.fr\/wp-content\/uploads\/2023\/11\/2019-Equipe-des-animateurs-1024x576.jpg 1024w, https:\/\/clubbonaccueilanetz.fr\/wp-content\/uploads\/2023\/11\/2019-Equipe-des-animateurs-300x169.jpg 300w, https:\/\/clubbonaccueilanetz.fr\/wp-content\/uploads\/2023\/11\/2019-Equipe-des-animateurs-768x432.jpg 768w, https:\/\/clubbonaccueilanetz.fr\/wp-content\/uploads\/2023\/11\/2019-Equipe-des-animateurs-1536x864.jpg 1536w, https:\/\/clubbonaccueilanetz.fr\/wp-content\/uploads\/2023\/11\/2019-Equipe-des-animateurs-2048x1152.jpg 2048w\" sizes=\"auto, (max-width: 1024px) 100vw, 1024px\" \/><\/figure>\n\n\n\n<hr class=\"wp-block-separator aligncenter has-alpha-channel-opacity\"\/>\n\n\n\n<h2 class=\"wp-block-heading has-text-align-center\">2016<\/h2>\n\n\n<div class=\"wp-block-image\">\n<figure class=\"aligncenter size-large\"><img loading=\"lazy\" decoding=\"async\" width=\"2560\" height=\"1440\" src=\"https:\/\/clubbonaccueilanetz.fr\/wp-content\/uploads\/2023\/11\/2016-session-classement-edited.jpg\" alt=\"\" class=\"wp-image-641\" srcset=\"https:\/\/clubbonaccueilanetz.fr\/wp-content\/uploads\/2023\/11\/2016-session-classement-edited.jpg 2560w, https:\/\/clubbonaccueilanetz.fr\/wp-content\/uploads\/2023\/11\/2016-session-classement-edited-300x169.jpg 300w, https:\/\/clubbonaccueilanetz.fr\/wp-content\/uploads\/2023\/11\/2016-session-classement-edited-1024x576.jpg 1024w, https:\/\/clubbonaccueilanetz.fr\/wp-content\/uploads\/2023\/11\/2016-session-classement-edited-768x432.jpg 768w, https:\/\/clubbonaccueilanetz.fr\/wp-content\/uploads\/2023\/11\/2016-session-classement-edited-1536x864.jpg 1536w, https:\/\/clubbonaccueilanetz.fr\/wp-content\/uploads\/2023\/11\/2016-session-classement-edited-2048x1152.jpg 2048w\" sizes=\"auto, (max-width: 2560px) 100vw, 2560px\" \/><figcaption class=\"wp-element-caption\">Session classement<\/figcaption><\/figure>\n<\/div>\n\n\n<hr class=\"wp-block-separator has-alpha-channel-opacity\"\/>\n\n\n\n<h2 class=\"wp-block-heading has-text-align-center\">2013 &#8211; 2014 &#8211; 2015<\/h2>\n\n\n\n<figure class=\"wp-block-gallery has-nested-images columns-default is-cropped wp-block-gallery-3 is-layout-flex wp-block-gallery-is-layout-flex\">\n<figure class=\"wp-block-image size-large\"><img loading=\"lazy\" decoding=\"async\" width=\"1024\" height=\"768\" data-id=\"636\" src=\"https:\/\/clubbonaccueilanetz.fr\/wp-content\/uploads\/2023\/11\/2013-session-internet-1024x768.jpg\" alt=\"\" class=\"wp-image-636\" srcset=\"https:\/\/clubbonaccueilanetz.fr\/wp-content\/uploads\/2023\/11\/2013-session-internet-1024x768.jpg 1024w, https:\/\/clubbonaccueilanetz.fr\/wp-content\/uploads\/2023\/11\/2013-session-internet-300x225.jpg 300w, https:\/\/clubbonaccueilanetz.fr\/wp-content\/uploads\/2023\/11\/2013-session-internet-768x576.jpg 768w, https:\/\/clubbonaccueilanetz.fr\/wp-content\/uploads\/2023\/11\/2013-session-internet-1536x1152.jpg 1536w, https:\/\/clubbonaccueilanetz.fr\/wp-content\/uploads\/2023\/11\/2013-session-internet-2048x1536.jpg 2048w\" sizes=\"auto, (max-width: 1024px) 100vw, 1024px\" \/><\/figure>\n\n\n\n<figure class=\"wp-block-image size-large\"><img loading=\"lazy\" decoding=\"async\" width=\"1024\" height=\"768\" data-id=\"639\" src=\"https:\/\/clubbonaccueilanetz.fr\/wp-content\/uploads\/2023\/11\/2014-Pose-cafe-1024x768.jpg\" alt=\"\" class=\"wp-image-639\" srcset=\"https:\/\/clubbonaccueilanetz.fr\/wp-content\/uploads\/2023\/11\/2014-Pose-cafe-1024x768.jpg 1024w, https:\/\/clubbonaccueilanetz.fr\/wp-content\/uploads\/2023\/11\/2014-Pose-cafe-300x225.jpg 300w, https:\/\/clubbonaccueilanetz.fr\/wp-content\/uploads\/2023\/11\/2014-Pose-cafe-768x576.jpg 768w, https:\/\/clubbonaccueilanetz.fr\/wp-content\/uploads\/2023\/11\/2014-Pose-cafe-1536x1152.jpg 1536w, https:\/\/clubbonaccueilanetz.fr\/wp-content\/uploads\/2023\/11\/2014-Pose-cafe-2048x1536.jpg 2048w\" sizes=\"auto, (max-width: 1024px) 100vw, 1024px\" \/><figcaption class=\"wp-element-caption\">Pause-caf\u00e9<\/figcaption><\/figure>\n\n\n\n<figure class=\"wp-block-image size-large\"><img loading=\"lazy\" decoding=\"async\" width=\"1024\" height=\"768\" data-id=\"638\" src=\"https:\/\/clubbonaccueilanetz.fr\/wp-content\/uploads\/2023\/11\/2015-lactivite-informatique-se-porte-bien-1024x768.jpg\" alt=\"\" class=\"wp-image-638\" srcset=\"https:\/\/clubbonaccueilanetz.fr\/wp-content\/uploads\/2023\/11\/2015-lactivite-informatique-se-porte-bien-1024x768.jpg 1024w, https:\/\/clubbonaccueilanetz.fr\/wp-content\/uploads\/2023\/11\/2015-lactivite-informatique-se-porte-bien-300x225.jpg 300w, https:\/\/clubbonaccueilanetz.fr\/wp-content\/uploads\/2023\/11\/2015-lactivite-informatique-se-porte-bien-768x576.jpg 768w, https:\/\/clubbonaccueilanetz.fr\/wp-content\/uploads\/2023\/11\/2015-lactivite-informatique-se-porte-bien-1536x1152.jpg 1536w, https:\/\/clubbonaccueilanetz.fr\/wp-content\/uploads\/2023\/11\/2015-lactivite-informatique-se-porte-bien-2048x1536.jpg 2048w\" sizes=\"auto, (max-width: 1024px) 100vw, 1024px\" \/><figcaption class=\"wp-element-caption\">L&rsquo;informatique se porte bien<\/figcaption><\/figure>\n<\/figure>\n\n\n\n<hr class=\"wp-block-separator has-alpha-channel-opacity\"\/>\n\n\n\n<h2 class=\"wp-block-heading has-text-align-center\">2010 &#8211; 2012<\/h2>\n\n\n\n<figure class=\"wp-block-gallery has-nested-images columns-default is-cropped wp-block-gallery-4 is-layout-flex wp-block-gallery-is-layout-flex\">\n<figure class=\"wp-block-image size-large\"><img loading=\"lazy\" decoding=\"async\" width=\"475\" height=\"682\" data-id=\"657\" src=\"https:\/\/clubbonaccueilanetz.fr\/wp-content\/uploads\/2023\/11\/2010-informatique.jpg\" alt=\"\" class=\"wp-image-657\" srcset=\"https:\/\/clubbonaccueilanetz.fr\/wp-content\/uploads\/2023\/11\/2010-informatique.jpg 475w, https:\/\/clubbonaccueilanetz.fr\/wp-content\/uploads\/2023\/11\/2010-informatique-209x300.jpg 209w\" sizes=\"auto, (max-width: 475px) 100vw, 475px\" \/><\/figure>\n\n\n\n<figure class=\"wp-block-image size-large\"><img loading=\"lazy\" decoding=\"async\" width=\"1024\" height=\"768\" data-id=\"637\" src=\"https:\/\/clubbonaccueilanetz.fr\/wp-content\/uploads\/2023\/11\/2011-premiers-pas-informatique-1-1024x768.jpg\" alt=\"\" class=\"wp-image-637\" srcset=\"https:\/\/clubbonaccueilanetz.fr\/wp-content\/uploads\/2023\/11\/2011-premiers-pas-informatique-1-1024x768.jpg 1024w, https:\/\/clubbonaccueilanetz.fr\/wp-content\/uploads\/2023\/11\/2011-premiers-pas-informatique-1-300x225.jpg 300w, https:\/\/clubbonaccueilanetz.fr\/wp-content\/uploads\/2023\/11\/2011-premiers-pas-informatique-1-768x576.jpg 768w, https:\/\/clubbonaccueilanetz.fr\/wp-content\/uploads\/2023\/11\/2011-premiers-pas-informatique-1-1536x1152.jpg 1536w, https:\/\/clubbonaccueilanetz.fr\/wp-content\/uploads\/2023\/11\/2011-premiers-pas-informatique-1-2048x1536.jpg 2048w\" sizes=\"auto, (max-width: 1024px) 100vw, 1024px\" \/><figcaption class=\"wp-element-caption\">Premiers pas<\/figcaption><\/figure>\n<\/figure>\n\n\n\n<hr class=\"wp-block-separator has-alpha-channel-opacity\"\/>\n\n\n\n<h2 class=\"wp-block-heading has-text-align-center\">2009<\/h2>\n\n\n\n<figure class=\"wp-block-gallery aligncenter has-nested-images columns-default is-cropped wp-block-gallery-5 is-layout-flex wp-block-gallery-is-layout-flex\">\n<figure class=\"wp-block-image size-large\"><img loading=\"lazy\" decoding=\"async\" width=\"1024\" height=\"512\" data-id=\"634\" src=\"https:\/\/clubbonaccueilanetz.fr\/wp-content\/uploads\/2023\/11\/2009-Les-debuts-informatique-1024x512.jpg\" alt=\"\" class=\"wp-image-634\" srcset=\"https:\/\/clubbonaccueilanetz.fr\/wp-content\/uploads\/2023\/11\/2009-Les-debuts-informatique-1024x512.jpg 1024w, https:\/\/clubbonaccueilanetz.fr\/wp-content\/uploads\/2023\/11\/2009-Les-debuts-informatique-300x150.jpg 300w, https:\/\/clubbonaccueilanetz.fr\/wp-content\/uploads\/2023\/11\/2009-Les-debuts-informatique-768x384.jpg 768w, https:\/\/clubbonaccueilanetz.fr\/wp-content\/uploads\/2023\/11\/2009-Les-debuts-informatique-1536x768.jpg 1536w, https:\/\/clubbonaccueilanetz.fr\/wp-content\/uploads\/2023\/11\/2009-Les-debuts-informatique-2048x1024.jpg 2048w\" sizes=\"auto, (max-width: 1024px) 100vw, 1024px\" \/><figcaption class=\"wp-element-caption\">Inauguration: le mat\u00e9riel est l\u00e0. Les stagiaires et les animateurs aussi!<\/figcaption><\/figure>\n<\/figure>\n","protected":false},"excerpt":{"rendered":"<p>Faute de suffisamment de participants, les sessions de formation ont cess\u00e9 fin d&rsquo;ann\u00e9e 2024. Depuis plus de 15 ann\u00e9es, sur l&rsquo;initiative de Bernard Prodhomme, une \u00e9quipe de b\u00e9n\u00e9voles a assur\u00e9e&hellip; <\/p>\n","protected":false},"author":1,"featured_media":0,"parent":228,"menu_order":0,"comment_status":"closed","ping_status":"closed","template":"","meta":{"footnotes":""},"class_list":["post-633","page","type-page","status-publish","hentry"],"_links":{"self":[{"href":"https:\/\/clubbonaccueilanetz.fr\/index.php\/wp-json\/wp\/v2\/pages\/633","targetHints":{"allow":["GET"]}}],"collection":[{"href":"https:\/\/clubbonaccueilanetz.fr\/index.php\/wp-json\/wp\/v2\/pages"}],"about":[{"href":"https:\/\/clubbonaccueilanetz.fr\/index.php\/wp-json\/wp\/v2\/types\/page"}],"author":[{"embeddable":true,"href":"https:\/\/clubbonaccueilanetz.fr\/index.php\/wp-json\/wp\/v2\/users\/1"}],"replies":[{"embeddable":true,"href":"https:\/\/clubbonaccueilanetz.fr\/index.php\/wp-json\/wp\/v2\/comments?post=633"}],"version-history":[{"count":12,"href":"https:\/\/clubbonaccueilanetz.fr\/index.php\/wp-json\/wp\/v2\/pages\/633\/revisions"}],"predecessor-version":[{"id":1211,"href":"https:\/\/clubbonaccueilanetz.fr\/index.php\/wp-json\/wp\/v2\/pages\/633\/revisions\/1211"}],"up":[{"embeddable":true,"href":"https:\/\/clubbonaccueilanetz.fr\/index.php\/wp-json\/wp\/v2\/pages\/228"}],"wp:attachment":[{"href":"https:\/\/clubbonaccueilanetz.fr\/index.php\/wp-json\/wp\/v2\/media?parent=633"}],"curies":[{"name":"wp","href":"https:\/\/api.w.org\/{rel}","templated":true}]}}